{"id":939,"date":"2015-03-03T11:05:23","date_gmt":"2015-03-03T10:05:23","guid":{"rendered":"https:\/\/cvet.de\/de\/?page_id=939"},"modified":"2015-03-03T13:42:43","modified_gmt":"2015-03-03T12:42:43","slug":"veroeffentlichungen","status":"publish","type":"page","link":"https:\/\/cvet.de\/de\/veroeffentlichungen\/","title":{"rendered":"Ver\u00f6ffentlichungen"},"content":{"rendered":"<p><!-- <\n\n\n<h1>Ver\u00f6ffentlichungen (Ausz\u00fcge)<\/h1>\n\n\n--><\/p>\n<ul>\n<li>Piech, \u0141.; Carlowitz, O.; Dammeyer, K.-H.; Neese, O.; Crone, F.: Konzepte zur L\u00f6sung des Zielkonfliktes zwischen Emissionsminderung und Energieeffizienz am Beispiel bestehender Lacktrocknersysteme in der Automobilproduktion. VDI-Berichte 2165: \u201cEmissionsminderung 2012\u201d N\u00fcrnberg, 19.\/20.06.2012, VDI-Verlag, D\u00fcsseldorf, ISBN 978-3-18-092165-5, S. 131 &#8211; 146.<\/li>\n<li>Piech, \u0141.; Carlowitz, O.; Dammeyer, K.-H.; Neese, O.; Crone, F.: Neue Brennertechnologie f\u00fcr Thermische Nachverbrennungsanlagen (TNV). VDI-Berichte 2165: \u201cEmissionsminderung 2012\u201d N\u00fcrnberg, 19.\/20.06.2012, VDI-Verlag, D\u00fcsseldorf, ISBN 978-3-18-092165-5, S. 213 &#8211; 220.<\/li>\n<li>Carlowitz, O.; Neese, O.: Der Zielkonflikt zwischen Immissionsschutz und Energieeffizienz erfordert meist einen prozessspezifischen Ansatz. ReSource, Rhombos-Verlag, 24 (2011) 2, 55-60.<\/li>\n<li>Carlowitz, O.; Neese, O.: Ans\u00e4tze zur Neukonzeption der RTO-\u00ad\u2010Technologie in mechanisch-\u00ad\u2010biologischen Abfallbehandlungsanlagen; in Erneuerbare Energien, Bd. 6; 2011, Hrsg.: Thom\u00e9-\u00ad\u2010Kozmiensky, K.J.; Beckmann, M.;TK Verlag Karl Thom\u00e9-\u00ad\u2010Kozmiensky, ISBN 978-\u00ad\u20103-\u00ad\u2010935317-\u00ad\u201065-\u00ad\u20108,S.231-\u00ad\u2010248.<\/li>\n<li>Piech, \u0141; Carlowitz, O.; Jahns, I.; Schricker, B.: Uzyskanie r\u00f3wnowagi cieplnej pomi\u0119dzy systemem dopalania a suszarni\u0105 karoserii w przemy\u015ble samochodowym poprzez wbudowanie do istniej\u0105cego system stopnia katalitycznego prowadz\u0105ce do jednoczesnego obi\u017cenia emisji zanieczyszcze\u0144; International Scientific-\u00ad\u2010Technical Conference ENERGETYKA 2010, Wroclaw University of Technology (Polen), \u201eArchiwum spalania\u201d Vol.10 (2010) Nr 3-\u00ad\u20104, Polski Instytut Spalania, Warszawa.<\/li>\n<li>Carlowitz, O.; Neese, O.: Lassen sich Immissionsschutz und Energieeffizienz miteinander vereinbaren? K. J. Thom\u00e9-Kozmiensky, M. Hoppenberg (Hrsg.): Immissionsschutz &#8211; Planung, Genehmigung und Betrieb von Anlagen &#8211; Band 1, TK Verlag Karl Thom\u00e9-Kozmiensky, Neuruppin, 2010. ISBN 978-3-935317-59-7, S. 175 &#8211; 188.<\/li>\n<li>Carlowitz, O.; Neese, O.; Reindorf, T.; R\u00fcskamp, B.: RTO pilot plant for exhaust gases with organosilicon compounds-\u00ad\u2010operation behavior in industrial use; 10th Conference on Energy for a Clean Environment, Lissabon, 7.-\u00ad\u201010 Juli 2009.<\/li>\n<li>Piech, \u0141.; Carlowitz, O.; Dammeyer K.-H.: Bildung und Minderung von Stickoxiden aus Brennstoff-\u00ad\u2010Stickstoff-\u00ad\u2010Verbindungen in thermischen Abgasreinigungsanlagen mit regenerativer Abluftvorw\u00e4rmung. Emissionsminderung 2008 N\u00fcrnberg 09.\/10.04.2008; VDI-\u00ad\u2010Berichte 2035, VDI-\u00ad\u2010Verlag GmbH, D\u00fcsseldorf, ISBN 978-\u00ad\u20103-\u00ad\u201018-\u00ad\u2010092035-\u00ad\u20101; 2008.<\/li>\n<li>Neese, O.; Carlowitz, O.; Reindorf, T.: Erkenntnisse aus dem Industrieeinsatz einer mobilen RTO-\u00ad\u2010Pilotanlage zur Behandlung von Abgasen mit siliziumorganischen Inhaltsstoffen. Emissionsminderung 2008 N\u00fcrnberg 09.\/10.04.2008; VDI-\u00ad\u2010Berichte 2035, VDI-\u00ad\u2010Verlag GmbH, D\u00fcsseldorf, ISBN 978-\u00ad\u20103-\u00ad\u201018-\u00ad\u2010092035-\u00ad\u20101;2008.<\/li>\n<li>Reindorf, T.; Carlowitz, O.; Neese, O.: Simulation der Reingasauskopplung in RNV-\u00ad\u2010Anlagen.Emissionsminderung 2008, N\u00fcrnberg 09.\/10.04.2008; VDI-\u00ad\u2010Berichte 2035, VDI-\u00ad\u2010Verlag GmbH, D\u00fcsseldorf, ISBN 978-\u00ad\u20103-\u00ad\u201018-\u00ad\u2010092035-\u00ad\u20101;2008.<\/li>\n<li>Neese, O.; Carlowitz, O.; Reindorf, T.: Optimierungsans\u00e4tze f\u00fcr regenerative thermische Abgasreinigungsanlagen (RTO) zum Einsatz in nichtthermischen Abfallbehandlungsanlagen. Emissionsminderung 2008, N\u00fcrnberg 09.\/10.04.2008; VDI-\u00ad\u2010Berichte 2035, VDI-\u00ad\u2010Verlag GmbH, D\u00fcsseldorf, ISBN 978-\u00ad\u20103-\u00ad\u201018-\u00ad092035-\u00ad\u20101;2008.<\/li>\n<li>Reindorf, T.; Carlowitz, O.; Neese, O.: Modellgest\u00fctzte Inbetriebnahme einer regenerativen Nachverbrennungsanlage; in VDI-\u00ad\u2010Bericht 1988: 23. Deutscher Flammentag-\u00ad\u2010Verbrennung und Feuerung-\u00ad\u2010, Berlin 12.\/13.09.2007, Springer-\u00ad\u2010VDI-\u00ad\u2010Verlag, D\u00fcsseldorf, ISBN 978-\u00ad\u20103-\u00ad\u201018-\u00ad\u2010091988-\u00ad\u20101.<\/li>\n<li>Neese, O.; Carlowitz,O.; Reindorf, T.: Betriebserfahrungen und Optimierungspotenzial von regenerativen thermischen Oxidationsanlagen(RTO) im Anwendungsumfeld der MBA; 2. Internationale Tagung MBA 2007, Tagung und Fachausstellung, 22.-\u00ad\u201024. Mai 2007 in Hannover, Deutschland.<\/li>\n<li>Carlowitz, O.; Neese, O.; Reindorf, T.: Siliziumproblematik in TNV-\u00ad\u2010Regeneratoren, wlb Wasser, Luft und Boden 50 Jg. (2006) Nr. 3-\u00ad\u20104, S.46\u201349.<\/li>\n<li>Carlowitz, O.; Neese, O.; Reindorf, T.: Entwicklung einer thermischen Abgasreinigungsanlage mit regenerativer Abluftvorw\u00e4rmung f\u00fcr Abgase mit siliziumorganischen Verbindungen. VDI-Berichte 1893: \u201cFortschritte in der Luftreinhaltetechnik\u201d Schw\u00e4bisch Gm\u00fcnd, 06. und 07.06.2005, VDI-Verlag, D\u00fcsseldorf, ISBN 3-18-091893-4, S. 45 &#8211; 62.<\/li>\n<li>Dammeyer, K.-H.; Carlowitz, O.; Haffner, Ch.: Rauchgasreinigung f\u00fcr Kleinbrandpr\u00fcf\u00f6fen. VDI-Berichte 1893: \u201cFortschritte in der Luftreinhaltetechnik\u201d Schw\u00e4bisch Gm\u00fcnd, 06. und 07.06.2005, VDI-Verlag, D\u00fcsseldorf, ISBN 3-18-091893-4, S. 95 &#8211; 106.<\/li>\n<\/ul>\n","protected":false},"excerpt":{"rendered":"<p>Piech, \u0141.; Carlowitz, O.; Dammeyer, K.-H.; Neese, O.; Crone, F.: Konzepte zur L\u00f6sung des Zielkonfliktes zwischen Emissionsminderung und Energieeffizienz am Beispiel bestehender Lacktrocknersysteme in der Automobilproduktion. VDI-Berichte 2165: \u201cEmissionsminderung 2012\u201d N\u00fcrnberg, 19.\/20.06.2012, VDI-Verlag, D\u00fcsseldorf, ISBN 978-3-18-092165-5, S. 131 &#8211; 146. Piech, \u0141.; Carlowitz, O.; Dammeyer, K.-H.; Neese, O.; Crone, F.: Neue Brennertechnologie f\u00fcr Thermische Nachverbrennungsanlagen<span class=\"moretag\"><a href=\"https:\/\/cvet.de\/de\/veroeffentlichungen\/\"> Weiterlesen<\/a><span><\/p>\n","protected":false},"author":1,"featured_media":0,"parent":0,"menu_order":0,"comment_status":"closed","ping_status":"closed","template":"templates\/template-page-fullwidth.php","meta":{"_acf_changed":false,"footnotes":""},"class_list":["post-939","page","type-page","status-publish","hentry"],"acf":[],"_links":{"self":[{"href":"https:\/\/cvet.de\/de\/wp-json\/wp\/v2\/pages\/939","targetHints":{"allow":["GET"]}}],"collection":[{"href":"https:\/\/cvet.de\/de\/wp-json\/wp\/v2\/pages"}],"about":[{"href":"https:\/\/cvet.de\/de\/wp-json\/wp\/v2\/types\/page"}],"author":[{"embeddable":true,"href":"https:\/\/cvet.de\/de\/wp-json\/wp\/v2\/users\/1"}],"replies":[{"embeddable":true,"href":"https:\/\/cvet.de\/de\/wp-json\/wp\/v2\/comments?post=939"}],"version-history":[{"count":8,"href":"https:\/\/cvet.de\/de\/wp-json\/wp\/v2\/pages\/939\/revisions"}],"predecessor-version":[{"id":957,"href":"https:\/\/cvet.de\/de\/wp-json\/wp\/v2\/pages\/939\/revisions\/957"}],"wp:attachment":[{"href":"https:\/\/cvet.de\/de\/wp-json\/wp\/v2\/media?parent=939"}],"curies":[{"name":"wp","href":"https:\/\/api.w.org\/{rel}","templated":true}]}}