{"id":538,"date":"2014-11-30T20:14:03","date_gmt":"2014-11-30T20:14:03","guid":{"rendered":"https:\/\/cvet.de\/pl\/?page_id=536"},"modified":"2018-05-24T11:45:59","modified_gmt":"2018-05-24T10:45:59","slug":"impressum","status":"publish","type":"page","link":"https:\/\/cvet.de\/en\/impressum\/","title":{"rendered":"Impressum"},"content":{"rendered":"<p>Clausthaler Verfahrens- und Energietechnik GmbH (CVET GmbH)<br \/>\nGerhard-Rauschenbach-Str. 12<br \/>\n38678 Clausthal-Zellerfeld<\/p>\n<p><span style=\"color: #008080\"> Fon: <\/span>\u00a0\u00a0 \u00a0+49 5323 9874-123<br \/>\n<span style=\"color: #008080\"> Fax: <\/span>\u00a0\u00a0 \u00a0+49 5323 9874-133<br \/>\n<span style=\"color: #008080\"> Web:\u00a0<\/span>\u00a0\u00a0 www.cvetgmbh.de, www.cvet.de<br \/>\n<span style=\"color: #008080\"> Email: <\/span> \u00a0 info@cvetgmbh.de, info@cvet.de<\/p>\n<p><span style=\"color: #008080\">Handelsregister:<\/span> Amtsgericht Braunschweig, HRB 203936<br \/>\n<span style=\"color: #008080\">USt-IdNr.:<\/span> DE287147697 <span style=\"color: #008080\">Steuernummer:<\/span> 21\/203\/29405<\/p>\n<p><span style=\"color: #008080\">Gesch\u00e4ftsf\u00fchrer:<br \/>\n<\/span> Dipl.-Ing. Karl-Heinz Dammeyer<br \/>\nDipl.-Ing. Olaf Neese<br \/>\nmgr in\u017c. (Dipl.-Ing.) \u0141ukasz Piech<\/p>\n<p>&nbsp;<\/p>\n<h4>Haftungsausschluss<\/h4>\n<h5>Inhalt des Onlineangebotes<\/h5>\n<p style=\"text-align: justify\">Die Inhalte unserer Webseiten wurden sorgf\u00e4ltig und nach bestem Gewissen erstellt. Gleichwohl kann f\u00fcr die Aktualit\u00e4t, Vollst\u00e4ndigkeit und Richtigkeit s\u00e4mtlicher Seiten keine Gew\u00e4hr \u00fcbernommen werden. Gem\u00e4\u00df \u00a7 7 Abs. 1 TMG sind wir als Dienstanbieter f\u00fcr eigene Inhalte auf diesen Seiten nach den allgemeinen Gesetzen verantwortlich. Wir sind als Diensteanbieter nach den \u00a7\u00a7 8 bis 10 TMG jedoch nicht verpflichtet, \u00fcbermittelte oder gespeicherte fremde Informationen zu \u00fcberwachen. Ab dem Zeitpunkt der Kenntnis einer konkreten Rechtsverletzung erfolgt eine umgehende Entfernung dieser Inhalte durch uns. Eine diesbez\u00fcgliche Haftung kann erst ab dem Zeitpunkt der Kenntniserlangung \u00fcbernommen werden.<\/p>\n<p style=\"text-align: justify\">Haftungsanspr\u00fcche gegen den Autor, welche sich auf Sch\u00e4den materieller oder ideeller Art beziehen, die durch die Nutzung oder Nichtnutzung der dargebotenen Informationen bzw. durch die Nutzung fehlerhafter und unvollst\u00e4ndiger Informationen verursacht wurden, sind grunds\u00e4tzlich ausgeschlossen, sofern seitens des Autors kein nachweislich vors\u00e4tzliches oder grob fahrl\u00e4ssiges Verschulden vorliegt. Alle Angebote sind freibleibend und unverbindlich.<\/p>\n<p style=\"text-align: justify\">Die CVET GmbH kann der Webseite jederzeit ohne Vorank\u00fcndigung Daten hinzuf\u00fcgen bzw. \u00c4nderungen vornehmen und den kompletten Inhalt bzw. Teile davon von dieser Webseite entfernen.<\/p>\n<h5>AGG<\/h5>\n<p style=\"text-align: justify\">Geschlechtsneutrale Personenbezeichnungen- Aus Gr\u00fcnden der einfacheren Lesbarkeit wurde bei Personenbezeichnungen auf eine geschlechtsspezifische Differenzierung (z.B. Mitarbeiter\/-in; Arbeitgeber\/-in) verzichtet. Soweit\u00a0 im nachfolgenden Text jeweils nur eine der beiden geschlechtsspezifischen Varianten genannt ist, soll dies im Sinne der Gleichbehandlung grunds\u00e4tzlich f\u00fcr beide Geschlechter gelten.<\/p>\n<h5>Verweise und Links<\/h5>\n<p style=\"text-align: justify\">Unsere Webseite enth\u00e4lt Verkn\u00fcpfungen zu Webseiten Dritter \u00a0(\u201cLinks\u201d). Da wir auf deren Inhalte keinen Einfluss haben, kann f\u00fcr die fremden Inhalte keine Gew\u00e4hr \u00fcbernommen werden. F\u00fcr die Inhalte und Richtigkeit der Informationen ist stets der jeweilige Informationsanbieter der verlinkten Webseite verantwortlich.\u00a0Der Autor erkl\u00e4rt hiermit ausdr\u00fccklich, dass zum Zeitpunkt der Linksetzung keine illegalen Inhalte auf den zu verlinkenden Seiten erkennbar waren. Auf die aktuelle und zuk\u00fcnftige Gestaltung, die Inhalte oder die Urheberschaft der gelinkten\/verkn\u00fcpften Seiten hat der Autor keinerlei Einfluss. Deshalb distanziert er sich hiermit ausdr\u00fccklich von allen Inhalten aller gelinkten \/verkn\u00fcpften Seiten, die nach der Linksetzung ver\u00e4ndert wurden. Diese Feststellung gilt f\u00fcr alle innerhalb des eigenen Internetangebotes gesetzten Links und Verweise sowie f\u00fcr Fremdeintr\u00e4ge in vom Autor eingerichteten G\u00e4steb\u00fcchern, Diskussionsforen und Mailinglisten. F\u00fcr illegale, fehlerhafte oder unvollst\u00e4ndige Inhalte und insbesondere f\u00fcr Sch\u00e4den, die aus der Nutzung oder Nichtnutzung solcherart dargebotener Informationen entstehen, haftet allein der Anbieter der Seite, auf welche verwiesen wurde, nicht derjenige, der \u00fcber Links auf die jeweilige Ver\u00f6ffentlichung lediglich verweist. Sobald uns eine Rechtsverletzung bekannt wird, werden wir den jeweiligen Link umgehend entfernen.<\/p>\n<h5>Cookies<\/h5>\n<p style=\"text-align: justify\">Die Internetseiten der CVET GmbH verwenden an mehreren Stellen so genannte Cookies. Diese dienen dazu, das Internetangebot nutzerfreundlicher, effektiver und sicherer zu machen. Cookies sind kleine Textdateien, die zur technischen Sitzungssteuerung im tempor\u00e4ren Speicher des Webbrowsers bzw. auf der Festplatte des Besuchers der Internetseite abgelegt werden. Das Speichern von Cookies l\u00e4sst sich durch das Festlegen bestimmter Browser-Einstellungen durch den Besucher der Internetseiten verhindern. In der Regel l\u00e4sst sich der Webbrowser auch so einstellen, dass dieser vor dem Setzen von Cookies beim Besucher der Internetseiten nachfragt, ob er einverstanden ist. Schlie\u00dflich k\u00f6nnen einmal gesetzte Cookies jederzeit wieder vom Besucher der Internetseiten gel\u00f6scht werden. Details zu den hierzu notwendigen Einstellungen finden sich in den Produktbeschreibungen bzw. Anleitungen der verschiedenen Browser-Hersteller.<\/p>\n<h5>Urheber- und Kennzeichenrecht<\/h5>\n<p style=\"text-align: justify\">Die auf dieser Webseite ver\u00f6ffentlichten Inhalte und Werke unterliegen dem deutschen Urheberrecht. Jede Vervielf\u00e4ltigung, Bearbeitung, Verbreitung und jede Art der Verwertung au\u00dferhalb der Grenzen des Urheberrechts bed\u00fcrfen der vorherigen schriftlichen Zustimmung des jeweiligen Urhebers bzw. Autors. Insbesondere d\u00fcrfen die Inhalte dieser Webseite nicht zu kommerziellen Zwecken vervielf\u00e4ltigt, bearbeitet, ge\u00e4ndert oder Dritten zug\u00e4nglich gemacht werden. Unsere Webseiten enthalten auch Bilder, f\u00fcr welche das Copyright bei Dritten liegt. <a href=\"https:\/\/cvet.de\/de\/impressum\/quellen\">Ausnahmen bzw. Quellen<\/a> <\/p>\n<h5>Datenschutz<\/h5>\n<p style=\"text-align: justify\">Sofern innerhalb des Internetangebotes die M\u00f6glichkeit zur Eingabe pers\u00f6nlicher oder gesch\u00e4ftlicher Daten (Emailadressen, Namen, Anschriften) besteht, so erfolgt die Preisgabe dieser Daten seitens des Nutzers auf ausdr\u00fccklich freiwilliger Basis. Wir weisen ausdr\u00fccklich darauf hin, dass die \u00dcbertragung von Daten im Internet (z.B. per E-Mail) Sicherheitsl\u00fccken aufweisen kann. Ein l\u00fcckenloser Schutz der Daten vor dem Zugriff Dritter ist nicht m\u00f6glich. Wir k\u00f6nnen keine Haftung f\u00fcr die durch solche Sicherheitsl\u00fccken entstehenden Sch\u00e4den \u00fcbernehmen. Der Verwendung aller ver\u00f6ffentlichten Kontaktdaten durch Dritte zum Zwecke von Werbung wird ausdr\u00fccklich widersprochen. Wir behalten uns rechtliche Schritte f\u00fcr den Fall der unverlangten Zusendung von Werbeinformationen, z.B. durch Spam-Mails, vor. <a href=\"https:\/\/cvet.de\/en\/datenschutz\">Datenschutzerweiterung<\/a> <\/p>\n<h5>Rechtswirksamkeit dieses Haftungsausschlusses<\/h5>\n<p style=\"text-align: justify\">Dieser Haftungsausschluss ist als Teil des Internetangebotes zu betrachten, von dem aus auf diese Seite verwiesen wurde. Sofern Teile oder einzelne Formulierungen dieses Textes der geltenden Rechtslage nicht, nicht mehr oder nicht vollst\u00e4ndig entsprechen sollten, bleiben die \u00fcbrigen Teile des Dokumentes in ihrem Inhalt und ihrer G\u00fcltigkeit davon unber\u00fchrt.<\/p>\n","protected":false},"excerpt":{"rendered":"<p>Clausthaler Verfahrens- und Energietechnik GmbH (CVET GmbH) Gerhard-Rauschenbach-Str. 12 38678 Clausthal-Zellerfeld Fon: \u00a0\u00a0 \u00a0+49 5323 9874-123 Fax: \u00a0\u00a0 \u00a0+49 5323 9874-133 Web:\u00a0\u00a0\u00a0 www.cvetgmbh.de, www.cvet.de Email: \u00a0 info@cvetgmbh.de, info@cvet.de Handelsregister: Amtsgericht Braunschweig, HRB 203936 USt-IdNr.: DE287147697 Steuernummer: 21\/203\/29405 Gesch\u00e4ftsf\u00fchrer: Dipl.-Ing. Karl-Heinz Dammeyer Dipl.-Ing. Olaf Neese mgr in\u017c. (Dipl.-Ing.) \u0141ukasz Piech &nbsp; Haftungsausschluss Inhalt des Onlineangebotes Die<span class=\"moretag\"><a href=\"https:\/\/cvet.de\/en\/impressum\/\"> Read more<\/a><span><\/p>\n","protected":false},"author":1,"featured_media":0,"parent":0,"menu_order":0,"comment_status":"closed","ping_status":"closed","template":"templates\/template-page-fullwidth.php","meta":{"_acf_changed":false,"footnotes":""},"class_list":["post-538","page","type-page","status-publish","hentry"],"acf":[],"_links":{"self":[{"href":"https:\/\/cvet.de\/en\/wp-json\/wp\/v2\/pages\/538","targetHints":{"allow":["GET"]}}],"collection":[{"href":"https:\/\/cvet.de\/en\/wp-json\/wp\/v2\/pages"}],"about":[{"href":"https:\/\/cvet.de\/en\/wp-json\/wp\/v2\/types\/page"}],"author":[{"embeddable":true,"href":"https:\/\/cvet.de\/en\/wp-json\/wp\/v2\/users\/1"}],"replies":[{"embeddable":true,"href":"https:\/\/cvet.de\/en\/wp-json\/wp\/v2\/comments?post=538"}],"version-history":[{"count":1,"href":"https:\/\/cvet.de\/en\/wp-json\/wp\/v2\/pages\/538\/revisions"}],"predecessor-version":[{"id":923,"href":"https:\/\/cvet.de\/en\/wp-json\/wp\/v2\/pages\/538\/revisions\/923"}],"wp:attachment":[{"href":"https:\/\/cvet.de\/en\/wp-json\/wp\/v2\/media?parent=538"}],"curies":[{"name":"wp","href":"https:\/\/api.w.org\/{rel}","templated":true}]}}